{"id":2019,"date":"2024-05-22T00:30:12","date_gmt":"2024-05-22T03:30:12","guid":{"rendered":"https:\/\/elessarband.com\/producto\/womens-t-shirt-worldwide-3\/"},"modified":"2024-06-06T14:56:06","modified_gmt":"2024-06-06T17:56:06","slug":"womens-t-shirt-worldwide-3","status":"publish","type":"product","link":"https:\/\/elessarband.com\/en\/store\/womens-t-shirt-worldwide-3\/","title":{"rendered":"WOMEN&#8217;S t-shirt"},"content":{"rendered":"<p><strong>EXCLUSIVE K\u00d3SMOS DESIGN<\/strong><\/p>\n<p>New Eless\u00e4r&#8217;s t-shirt &#8220;K\u00f3smos&#8221; available now exclusively via Eless\u00e4r Shop.<\/p>\n<p>Material: 100% cotton<br \/>\nShirt color: Black<br \/>\nModel: Women model<br \/>\nManufacturing country: Argentina<\/p>\n<p>Check Sizes (cm)<\/p>\n<p>Size 1 (S): Width 35.5cm &#8211; Height 62cm<\/p>\n<p>Size 2 (M): Width 41cm &#8211; Height 62.5cm<\/p>\n<p>Size 3 (L): Width 44cm &#8211; Height 66cm<\/p>\n<p>Size 4 (XL): Width 48cm &#8211; Height 68cm<\/p>\n<p>Size 5 (XXL): Width 51cm &#8211; Height 70cm<\/p>\n","protected":false},"excerpt":{"rendered":"<p>EXCLUSIVE K\u00d3SMOS DESIGN New Eless\u00e4r&#8217;s t-shirt &#8220;K\u00f3smos&#8221; available now exclusively via Eless\u00e4r Shop. Material: 100% cotton Shirt color: Black Model: Women model Manufacturing country: Argentina Check Sizes (cm) Size 1 (S): Width 35.5cm &#8211; Height 62cm Size 2 (M): Width 41cm &#8211; Height 62.5cm Size 3 (L): Width 44cm &#8211; Height 66cm Size 4 (XL): [&hellip;]<\/p>\n","protected":false},"featured_media":2048,"comment_status":"open","ping_status":"closed","template":"","meta":{"site-sidebar-layout":"default","site-content-layout":"","ast-site-content-layout":"default","site-content-style":"default","site-sidebar-style":"default","ast-global-header-display":"","ast-banner-title-visibility":"","ast-main-header-display":"","ast-hfb-above-header-display":"","ast-hfb-below-header-display":"","ast-hfb-mobile-header-display":"","site-post-title":"","ast-breadcrumbs-content":"","ast-featured-img":"","footer-sml-layout":"","ast-disable-related-posts":"","theme-transparent-header-meta":"default","adv-header-id-meta":"","stick-header-meta":"default","header-above-stick-meta":"","header-main-stick-meta":"","header-below-stick-meta":"","astra-migrate-meta-layouts":"set","ast-page-background-enabled":"default","ast-page-background-meta":{"desktop":{"background-color":"var(--ast-global-color-4)","background-image":"","background-repeat":"repeat","background-position":"center center","background-size":"auto","background-attachment":"scroll","background-type":"","background-media":"","overlay-type":"","overlay-color":"","overlay-opacity":"","overlay-gradient":""},"tablet":{"background-color":"","background-image":"","background-repeat":"repeat","background-position":"center center","background-size":"auto","background-attachment":"scroll","background-type":"","background-media":"","overlay-type":"","overlay-color":"","overlay-opacity":"","overlay-gradient":""},"mobile":{"background-color":"","background-image":"","background-repeat":"repeat","background-position":"center center","background-size":"auto","background-attachment":"scroll","background-type":"","background-media":"","overlay-type":"","overlay-color":"","overlay-opacity":"","overlay-gradient":""}},"ast-content-background-meta":{"desktop":{"background-color":"var(--ast-global-color-5)","background-image":"","background-repeat":"repeat","background-position":"center center","background-size":"auto","background-attachment":"scroll","background-type":"","background-media":"","overlay-type":"","overlay-color":"","overlay-opacity":"","overlay-gradient":""},"tablet":{"background-color":"var(--ast-global-color-5)","background-image":"","background-repeat":"repeat","background-position":"center center","background-size":"auto","background-attachment":"scroll","background-type":"","background-media":"","overlay-type":"","overlay-color":"","overlay-opacity":"","overlay-gradient":""},"mobile":{"background-color":"var(--ast-global-color-5)","background-image":"","background-repeat":"repeat","background-position":"center center","background-size":"auto","background-attachment":"scroll","background-type":"","background-media":"","overlay-type":"","overlay-color":"","overlay-opacity":"","overlay-gradient":""}}},"product_brand":[],"product_cat":[15,25],"product_tag":[],"class_list":{"0":"post-2019","1":"product","2":"type-product","3":"status-publish","4":"has-post-thumbnail","6":"product_cat-all-products","7":"product_cat-clothes","8":"pa_size-l","9":"pa_size-m","10":"pa_size-s","11":"desktop-align-center","12":"tablet-align-left","13":"mobile-align-center","14":"ast-product-gallery-layout-vertical-slider","15":"ast-product-gallery-with-no-image","16":"ast-product-single-variable","17":"ast-product-tabs-layout-accordion","19":"first","20":"instock","21":"purchasable","22":"product-type-variable"},"_links":{"self":[{"href":"https:\/\/elessarband.com\/en\/wp-json\/wp\/v2\/product\/2019","targetHints":{"allow":["GET"]}}],"collection":[{"href":"https:\/\/elessarband.com\/en\/wp-json\/wp\/v2\/product"}],"about":[{"href":"https:\/\/elessarband.com\/en\/wp-json\/wp\/v2\/types\/product"}],"replies":[{"embeddable":true,"href":"https:\/\/elessarband.com\/en\/wp-json\/wp\/v2\/comments?post=2019"}],"version-history":[{"count":3,"href":"https:\/\/elessarband.com\/en\/wp-json\/wp\/v2\/product\/2019\/revisions"}],"predecessor-version":[{"id":3328,"href":"https:\/\/elessarband.com\/en\/wp-json\/wp\/v2\/product\/2019\/revisions\/3328"}],"wp:featuredmedia":[{"embeddable":true,"href":"https:\/\/elessarband.com\/en\/wp-json\/wp\/v2\/media\/2048"}],"wp:attachment":[{"href":"https:\/\/elessarband.com\/en\/wp-json\/wp\/v2\/media?parent=2019"}],"wp:term":[{"taxonomy":"product_brand","embeddable":true,"href":"https:\/\/elessarband.com\/en\/wp-json\/wp\/v2\/product_brand?post=2019"},{"taxonomy":"product_cat","embeddable":true,"href":"https:\/\/elessarband.com\/en\/wp-json\/wp\/v2\/product_cat?post=2019"},{"taxonomy":"product_tag","embeddable":true,"href":"https:\/\/elessarband.com\/en\/wp-json\/wp\/v2\/product_tag?post=2019"}],"curies":[{"name":"wp","href":"https:\/\/api.w.org\/{rel}","templated":true}]}}