{"id":2031,"date":"2024-05-22T00:30:13","date_gmt":"2024-05-22T03:30:13","guid":{"rendered":"https:\/\/elessarband.com\/producto\/kosmos-worldwide\/"},"modified":"2025-11-10T10:41:27","modified_gmt":"2025-11-10T13:41:27","slug":"kosmos","status":"publish","type":"product","link":"https:\/\/elessarband.com\/en\/store\/kosmos\/","title":{"rendered":"K\u00f3smos"},"content":{"rendered":"<p><b>K\u00f3smos is the second and latest album of Eless\u00e4r. This edition includes 16 page booklet in a beautiful 6-Panel Digipak edition. It also includes an orchestral bonus track.\u00a0<\/b><\/p>\n<p>TRACKLIST<\/p>\n<div>01. Ultimate Escape<br \/>\n02. Impetus<br \/>\n03. Introducing The Majestic<br \/>\n04. Afraid<br \/>\n05. Eternity<br \/>\n06. K\u00f3smos<br \/>\n07. Inside<br \/>\n08. The Way<br \/>\n09. What Precedes Us<br \/>\n10. Be Still<br \/>\n11. Truth<\/div>\n<div>Bonus Track: Inside The K\u00f3smos<\/div>\n<div>Total:\u00a001:05:49<\/div>\n<div><\/div>\n<div><\/div>\n<div>Personnel:<\/div>\n<div>Alejandra Barro &#8211; Vocals<br \/>\nHowen Rava &#8211; Guitars<br \/>\nJoshua Rava &#8211; Drums<br \/>\nRafael Uribe &#8211; Bass<br \/>\nSebasti\u00e1n Barrio &#8211; Keyboards<\/div>\n<div><\/div>\n<div>Mixing: Marcos Vidal (Marfus Records)<\/div>\n<div>Mastering: Brett Caldas-Lima<\/div>\n<div><\/div>\n<p>Release date: 01.04.2019<\/p>\n<p>&nbsp;<\/p>\n<p><iframe style=\"border: 0; width: 350px; height: 700px;\" src=\"https:\/\/bandcamp.com\/EmbeddedPlayer\/album=2029945776\/size=large\/bgcol=ffffff\/linkcol=0687f5\/track=1491014975\/transparent=true\/\" seamless=\"\"><a href=\"http:\/\/elessarband.bandcamp.com\/album\/k-smos\">K\u00f3smos by Eless\u00e4r<\/a><\/iframe><\/p>\n<p><iframe title=\"YouTube video player\" src=\"https:\/\/www.youtube.com\/embed\/9W4lQCEPa9U?si=Y6TjYCUwMOqZPvy7\" width=\"860\" height=\"515\" frameborder=\"0\" allowfullscreen=\"allowfullscreen\"><\/iframe><\/p>\n","protected":false},"excerpt":{"rendered":"<p><span style=\"color: #ffffff;\">New Album released in 6-Panel CD Digipack!<\/span><\/p>\n","protected":false},"featured_media":2055,"comment_status":"open","ping_status":"closed","template":"","meta":{"site-sidebar-layout":"default","site-content-layout":"","ast-site-content-layout":"default","site-content-style":"default","site-sidebar-style":"default","ast-global-header-display":"","ast-banner-title-visibility":"","ast-main-header-display":"","ast-hfb-above-header-display":"","ast-hfb-below-header-display":"","ast-hfb-mobile-header-display":"","site-post-title":"","ast-breadcrumbs-content":"","ast-featured-img":"","footer-sml-layout":"","ast-disable-related-posts":"","theme-transparent-header-meta":"default","adv-header-id-meta":"","stick-header-meta":"default","header-above-stick-meta":"","header-main-stick-meta":"","header-below-stick-meta":"","astra-migrate-meta-layouts":"set","ast-page-background-enabled":"default","ast-page-background-meta":{"desktop":{"background-color":"var(--ast-global-color-4)","background-image":"","background-repeat":"repeat","background-position":"center center","background-size":"auto","background-attachment":"scroll","background-type":"","background-media":"","overlay-type":"","overlay-color":"","overlay-opacity":"","overlay-gradient":""},"tablet":{"background-color":"","background-image":"","background-repeat":"repeat","background-position":"center center","background-size":"auto","background-attachment":"scroll","background-type":"","background-media":"","overlay-type":"","overlay-color":"","overlay-opacity":"","overlay-gradient":""},"mobile":{"background-color":"","background-image":"","background-repeat":"repeat","background-position":"center center","background-size":"auto","background-attachment":"scroll","background-type":"","background-media":"","overlay-type":"","overlay-color":"","overlay-opacity":"","overlay-gradient":""}},"ast-content-background-meta":{"desktop":{"background-color":"var(--ast-global-color-5)","background-image":"","background-repeat":"repeat","background-position":"center center","background-size":"auto","background-attachment":"scroll","background-type":"","background-media":"","overlay-type":"","overlay-color":"","overlay-opacity":"","overlay-gradient":""},"tablet":{"background-color":"var(--ast-global-color-5)","background-image":"","background-repeat":"repeat","background-position":"center center","background-size":"auto","background-attachment":"scroll","background-type":"","background-media":"","overlay-type":"","overlay-color":"","overlay-opacity":"","overlay-gradient":""},"mobile":{"background-color":"var(--ast-global-color-5)","background-image":"","background-repeat":"repeat","background-position":"center center","background-size":"auto","background-attachment":"scroll","background-type":"","background-media":"","overlay-type":"","overlay-color":"","overlay-opacity":"","overlay-gradient":""}}},"product_brand":[],"product_cat":[15,26],"product_tag":[],"class_list":{"0":"post-2031","1":"product","2":"type-product","3":"status-publish","4":"has-post-thumbnail","6":"product_cat-all-products","7":"product_cat-discography","8":"desktop-align-center","9":"tablet-align-left","10":"mobile-align-center","11":"ast-product-gallery-layout-vertical-slider","12":"ast-product-tabs-layout-accordion","14":"first","15":"instock","16":"purchasable","17":"product-type-simple"},"_links":{"self":[{"href":"https:\/\/elessarband.com\/en\/wp-json\/wp\/v2\/product\/2031","targetHints":{"allow":["GET"]}}],"collection":[{"href":"https:\/\/elessarband.com\/en\/wp-json\/wp\/v2\/product"}],"about":[{"href":"https:\/\/elessarband.com\/en\/wp-json\/wp\/v2\/types\/product"}],"replies":[{"embeddable":true,"href":"https:\/\/elessarband.com\/en\/wp-json\/wp\/v2\/comments?post=2031"}],"version-history":[{"count":3,"href":"https:\/\/elessarband.com\/en\/wp-json\/wp\/v2\/product\/2031\/revisions"}],"predecessor-version":[{"id":2550,"href":"https:\/\/elessarband.com\/en\/wp-json\/wp\/v2\/product\/2031\/revisions\/2550"}],"wp:featuredmedia":[{"embeddable":true,"href":"https:\/\/elessarband.com\/en\/wp-json\/wp\/v2\/media\/2055"}],"wp:attachment":[{"href":"https:\/\/elessarband.com\/en\/wp-json\/wp\/v2\/media?parent=2031"}],"wp:term":[{"taxonomy":"product_brand","embeddable":true,"href":"https:\/\/elessarband.com\/en\/wp-json\/wp\/v2\/product_brand?post=2031"},{"taxonomy":"product_cat","embeddable":true,"href":"https:\/\/elessarband.com\/en\/wp-json\/wp\/v2\/product_cat?post=2031"},{"taxonomy":"product_tag","embeddable":true,"href":"https:\/\/elessarband.com\/en\/wp-json\/wp\/v2\/product_tag?post=2031"}],"curies":[{"name":"wp","href":"https:\/\/api.w.org\/{rel}","templated":true}]}}